{"id":263497,"date":"2022-02-02T10:59:57","date_gmt":"2022-02-02T10:59:57","guid":{"rendered":"https:\/\/www.ingenieur-beton.com\/the-team\/"},"modified":"2022-04-11T08:21:02","modified_gmt":"2022-04-11T08:21:02","slug":"the-team","status":"publish","type":"page","link":"https:\/\/www.ingenieur-beton.com\/en\/who-we-are\/the-team\/","title":{"rendered":"The team"},"content":{"rendered":"<p>[et_pb_section fb_built=&#8221;1&#8243; custom_padding_last_edited=&#8221;on|phone&#8221; module_class=&#8221;homesHeader&#8221; _builder_version=&#8221;4.14.7&#8243; _module_preset=&#8221;default&#8221; background_color=&#8221;rgba(255,255,255,0.55)&#8221; background_image=&#8221;https:\/\/www.ingenieur-beton.com\/wp-content\/uploads\/2022\/02\/equipe-ingenieur-beton-06.jpg&#8221; parallax=&#8221;on&#8221; custom_padding=&#8221;234px||336px||false|false&#8221; custom_padding_tablet=&#8221;60px||130px||false|false&#8221; custom_padding_phone=&#8221;60px||||false|false&#8221; hover_enabled=&#8221;0&#8243; background_last_edited=&#8221;on|phone&#8221; background_enable_color_phone=&#8221;off&#8221; background_image_phone=&#8221;https:\/\/www.ingenieur-beton.com\/wp-content\/uploads\/2022\/02\/equipe.jpg&#8221; background_enable_image_phone=&#8221;on&#8221; parallax_tablet=&#8221;off&#8221; parallax_method_tablet=&#8221;on&#8221; global_colors_info=&#8221;{}&#8221; sticky_enabled=&#8221;0&#8243;][et_pb_row _builder_version=&#8221;4.13.1&#8243; _module_preset=&#8221;default&#8221; custom_margin=&#8221;-35px|auto||auto||&#8221; global_colors_info=&#8221;{}&#8221;][et_pb_column type=&#8221;4_4&#8243; _builder_version=&#8221;4.13.1&#8243; _module_preset=&#8221;default&#8221; global_colors_info=&#8221;{}&#8221;][et_pb_text _builder_version=&#8221;4.14.7&#8243; _module_preset=&#8221;default&#8221; header_font=&#8221;|||on|||||&#8221; header_font_size=&#8221;44px&#8221; header_letter_spacing=&#8221;10px&#8221; header_line_height=&#8221;1.1em&#8221; custom_margin=&#8221;100px|||||&#8221; global_colors_info=&#8221;{}&#8221;]<\/p>\n<h1 class=\"title\" style=\"text-align: center;\">Our team<span class=\"color1sp\"><\/span><\/h1>\n<p>[\/et_pb_text][et_pb_text module_class=&#8221;miniMenu&#8221; _builder_version=&#8221;4.14.7&#8243; _module_preset=&#8221;default&#8221; text_orientation=&#8221;center&#8221; global_module=&#8221;262023&#8243; saved_tabs=&#8221;all&#8221; global_colors_info=&#8221;{}&#8221;]<\/p>\n<nav aria-label=\"breadcrumbs\">\n            <div class=\"breadcrumb-container theme1\">\n                <ol>\n                                    <\/ol>\n            <\/div>\n        <\/nav>    <script type=\"application\/ld+json\">\n        {\n            \"@context\": \"http:\/\/schema.org\",\n            \"@type\": \"BreadcrumbList\",\n            \"itemListElement\": [\n                            ]\n        }\n    <\/script>\n    <style type=\"text\/css\">\n        .breadcrumb-container {\n            font-size: 13px;\n        }\n\n        .breadcrumb-container ul {\n            margin: 0;\n            padding: 0;\n        }\n\n        .breadcrumb-container li {\n            box-sizing: unset;\n            display: inline-block;\n            margin: 0;\n            padding: 0;\n        }\n\n        .breadcrumb-container li a {\n            box-sizing: unset;\n            padding: 0 10px;\n        }\n\n        .breadcrumb-container {\n            font-size: 14px !important;\n                    }\n\n        .breadcrumb-container li a {\n            font-size: 14px !important;\n            line-height: 14px !important;\n                    }\n\n        .breadcrumb-container li .separator {\n            font-size: 14px !important;\n                    }\n\n        .breadcrumb-container li:last-child .separator {\n            display: none;\n        }\n    <\/style>\n    <style type=\"text\/css\">\n        .breadcrumb-container.theme1 li {\n            margin: 0;\n            padding: 0;\n        }\n        .breadcrumb-container.theme1 a {\n            background: ;\n            display: inline-block;\n            margin: 0 5px;\n            padding: 5px 10px;\n            text-decoration: none;\n        }\n    <\/style>\n        <style type=\"text\/css\">\n        .breadcrumb-container{}\r\n.breadcrumb-container ul{}\r\n.breadcrumb-container li{}\r\n.breadcrumb-container a{}\r\n.breadcrumb-container .separator{}\r\n    <\/style>\n    <script>\n            <\/script>\n\n<p>[\/et_pb_text][et_pb_divider _builder_version=&#8221;4.14.8&#8243; _module_preset=&#8221;default&#8221; show_divider=&#8221;off&#8221; custom_margin=&#8221;100px||||false|false&#8221; hover_enabled=&#8221;0&#8243; sticky_enabled=&#8221;0&#8243;][\/et_pb_divider][\/et_pb_column][\/et_pb_row][\/et_pb_section][et_pb_section fb_built=&#8221;1&#8243; _builder_version=&#8221;4.14.7&#8243; _module_preset=&#8221;default&#8221; background_color=&#8221;RGBA(255,255,255,0)&#8221; custom_padding=&#8221;6px|||||&#8221; global_colors_info=&#8221;{}&#8221;][et_pb_row _builder_version=&#8221;4.14.7&#8243; _module_preset=&#8221;default&#8221; custom_margin=&#8221;-100px|auto||auto||&#8221; custom_margin_tablet=&#8221;0px||||false|false&#8221; custom_margin_phone=&#8221;0px||||false|false&#8221; custom_margin_last_edited=&#8221;on|tablet&#8221; global_colors_info=&#8221;{}&#8221;][et_pb_column type=&#8221;4_4&#8243; _builder_version=&#8221;4.13.1&#8243; _module_preset=&#8221;default&#8221; global_colors_info=&#8221;{}&#8221;][et_pb_text _builder_version=&#8221;4.14.7&#8243; _module_preset=&#8221;default&#8221; global_colors_info=&#8221;{}&#8221; custom_margin=&#8221;2px|||||&#8221;]<\/p>\n<p style=\"text-align: center;\">Hugues GIUDICE gives you the benefit of <strong>its 25 years of experience and expertise in the building industry,<\/strong> combined with an efficient team, trained to an ever higher standard, and a quality service based on listening. <strong>Hugues GIUDICE<\/strong> has the firm intention to provide you with perfect services dedicated to both professionals and individuals. <strong>Our team of concrete engineers in Mougins<\/strong> is as young and passionate as ever, but with experience to boot.<\/p>\n<p>[\/et_pb_text][\/et_pb_column][\/et_pb_row][\/et_pb_section][et_pb_section fb_built=&#8221;1&#8243; _builder_version=&#8221;4.14.7&#8243; _module_preset=&#8221;default&#8221; background_color=&#8221;RGBA(255,255,255,0)&#8221; global_colors_info=&#8221;{}&#8221;][et_pb_row column_structure=&#8221;1_3,1_3,1_3&#8243; _builder_version=&#8221;4.13.1&#8243; _module_preset=&#8221;default&#8221; global_colors_info=&#8221;{}&#8221;][et_pb_column type=&#8221;1_3&#8243; _builder_version=&#8221;4.13.1&#8243; _module_preset=&#8221;default&#8221; global_colors_info=&#8221;{}&#8221;][\/et_pb_column][et_pb_column type=&#8221;1_3&#8243; _builder_version=&#8221;4.13.1&#8243; _module_preset=&#8221;default&#8221; global_colors_info=&#8221;{}&#8221;][dnxte_team_overlay_card teamoverlay_card_image=&#8221;https:\/\/www.ingenieur-beton.com\/wp-content\/uploads\/2022\/02\/collaborateurs_avatar_2-1563208368.jpg&#8221; teamovelay_card_content=&#8221;<b>Hugues<\/b> Pr\u00e9sident, Ing\u00e9nieur Structures, Charg\u00e9 d&#8217;Affaires&#8221; teamovlcard_hover_overlay=&#8221;rgba(255,255,255,0.8)&#8221; _builder_version=&#8221;4.13.1&#8243; _module_preset=&#8221;default&#8221; body_font_size=&#8221;18px&#8221; border_radii=&#8221;off||40px||&#8221; global_colors_info=&#8221;{}&#8221;][\/dnxte_team_overlay_card][\/et_pb_column][et_pb_column type=&#8221;1_3&#8243; _builder_version=&#8221;4.13.1&#8243; _module_preset=&#8221;default&#8221; global_colors_info=&#8221;{}&#8221;][\/et_pb_column][\/et_pb_row][et_pb_row column_structure=&#8221;1_3,1_3,1_3&#8243; _builder_version=&#8221;4.13.1&#8243; _module_preset=&#8221;default&#8221; global_colors_info=&#8221;{}&#8221;][et_pb_column type=&#8221;1_3&#8243; _builder_version=&#8221;4.13.1&#8243; _module_preset=&#8221;default&#8221; global_colors_info=&#8221;{}&#8221;][dnxte_team_overlay_card teamoverlay_card_image=&#8221;https:\/\/www.ingenieur-beton.com\/wp-content\/uploads\/2022\/02\/Christelle.jpg&#8221; teamovelay_card_content=&#8221;<b>Christelle<\/b> Assistante de Direction&#8221; teamovlcard_hover_overlay=&#8221;rgba(255,255,255,0.8)&#8221; _builder_version=&#8221;4.13.1&#8243; _module_preset=&#8221;default&#8221; body_font_size=&#8221;18px&#8221; border_radii=&#8221;off||40px||&#8221; global_colors_info=&#8221;{}&#8221;][\/dnxte_team_overlay_card][\/et_pb_column][et_pb_column type=&#8221;1_3&#8243; _builder_version=&#8221;4.13.1&#8243; _module_preset=&#8221;default&#8221; global_colors_info=&#8221;{}&#8221;][dnxte_team_overlay_card teamoverlay_card_image=&#8221;https:\/\/www.ingenieur-beton.com\/wp-content\/uploads\/2022\/02\/Alexia.jpg&#8221; teamovelay_card_content=&#8221;<b>Alexia<\/b> Ing\u00e9nieure Structures&#8221; teamovlcard_hover_overlay=&#8221;rgba(255,255,255,0.8)&#8221; _builder_version=&#8221;4.13.1&#8243; _module_preset=&#8221;default&#8221; body_font_size=&#8221;18px&#8221; border_radii=&#8221;off||40px||&#8221; global_colors_info=&#8221;{}&#8221;][\/dnxte_team_overlay_card][\/et_pb_column][et_pb_column type=&#8221;1_3&#8243; _builder_version=&#8221;4.13.1&#8243; _module_preset=&#8221;default&#8221; global_colors_info=&#8221;{}&#8221;][dnxte_team_overlay_card teamoverlay_card_image=&#8221;https:\/\/www.ingenieur-beton.com\/wp-content\/uploads\/2022\/02\/Jonathan.jpg&#8221; teamovelay_card_content=&#8221;<b>Jonathan<\/b> Dessinateur projeteur&#8221; teamovlcard_hover_overlay=&#8221;rgba(255,255,255,0.8)&#8221; _builder_version=&#8221;4.13.1&#8243; _module_preset=&#8221;default&#8221; body_font_size=&#8221;18px&#8221; border_radii=&#8221;off||40px||&#8221; global_colors_info=&#8221;{}&#8221;][\/dnxte_team_overlay_card][\/et_pb_column][\/et_pb_row][et_pb_row column_structure=&#8221;1_3,1_3,1_3&#8243; _builder_version=&#8221;4.13.1&#8243; _module_preset=&#8221;default&#8221; global_colors_info=&#8221;{}&#8221;][et_pb_column type=&#8221;1_3&#8243; _builder_version=&#8221;4.13.1&#8243; _module_preset=&#8221;default&#8221; global_colors_info=&#8221;{}&#8221;][dnxte_team_overlay_card teamoverlay_card_image=&#8221;https:\/\/www.ingenieur-beton.com\/wp-content\/uploads\/2022\/02\/Karim.jpg&#8221; teamovelay_card_content=&#8221;<b>Karim<\/b> Ing\u00e9nieur Structures, Charg\u00e9 d&#8217;Affaires&#8221; teamovlcard_hover_overlay=&#8221;rgba(255,255,255,0.8)&#8221; _builder_version=&#8221;4.13.1&#8243; _module_preset=&#8221;default&#8221; body_font_size=&#8221;18px&#8221; border_radii=&#8221;off||40px||&#8221; global_colors_info=&#8221;{}&#8221;][\/dnxte_team_overlay_card][\/et_pb_column][et_pb_column type=&#8221;1_3&#8243; _builder_version=&#8221;4.13.1&#8243; _module_preset=&#8221;default&#8221; global_colors_info=&#8221;{}&#8221;][dnxte_team_overlay_card teamoverlay_card_image=&#8221;https:\/\/www.ingenieur-beton.com\/wp-content\/uploads\/2022\/02\/Dimitri.jpg&#8221; teamovelay_card_content=&#8221;<b>Dimitri<\/b> Charg\u00e9 d&#8217;Affaires&#8221; teamovlcard_hover_overlay=&#8221;rgba(255,255,255,0.8)&#8221; _builder_version=&#8221;4.13.1&#8243; _module_preset=&#8221;default&#8221; body_font_size=&#8221;18px&#8221; border_radii=&#8221;off||40px||&#8221; global_colors_info=&#8221;{}&#8221;][\/dnxte_team_overlay_card][\/et_pb_column][et_pb_column type=&#8221;1_3&#8243; _builder_version=&#8221;4.13.1&#8243; _module_preset=&#8221;default&#8221; global_colors_info=&#8221;{}&#8221;][dnxte_team_overlay_card teamoverlay_card_image=&#8221;https:\/\/www.ingenieur-beton.com\/wp-content\/uploads\/2022\/02\/Frederic.jpg&#8221; teamovelay_card_content=&#8221;<b>Fr\u00e9d\u00e9ric<\/b> Dessinateur projeteur&#8221; teamovlcard_hover_overlay=&#8221;rgba(255,255,255,0.8)&#8221; _builder_version=&#8221;4.13.1&#8243; _module_preset=&#8221;default&#8221; body_font_size=&#8221;18px&#8221; border_radii=&#8221;off||40px||&#8221; global_colors_info=&#8221;{}&#8221;][\/dnxte_team_overlay_card][\/et_pb_column][\/et_pb_row][et_pb_row column_structure=&#8221;1_2,1_2&#8243; _builder_version=&#8221;4.14.8&#8243; _module_preset=&#8221;default&#8221; width=&#8221;36%&#8221; global_colors_info=&#8221;{}&#8221;][et_pb_column type=&#8221;1_2&#8243; _builder_version=&#8221;4.13.1&#8243; _module_preset=&#8221;default&#8221; global_colors_info=&#8221;{}&#8221;][dnxte_team_overlay_card teamoverlay_card_image=&#8221;https:\/\/www.ingenieur-beton.com\/wp-content\/uploads\/2022\/02\/Alexis.jpg&#8221; teamovelay_card_content=&#8221;<b>Alexis<\/b> Dessinateur projeteur, Concepteur 3D&#8221; teamovlcard_hover_overlay=&#8221;rgba(255,255,255,0.8)&#8221; _builder_version=&#8221;4.13.1&#8243; _module_preset=&#8221;default&#8221; body_font_size=&#8221;18px&#8221; border_radii=&#8221;off||40px||&#8221; global_colors_info=&#8221;{}&#8221;][\/dnxte_team_overlay_card][\/et_pb_column][et_pb_column type=&#8221;1_2&#8243; _builder_version=&#8221;4.13.1&#8243; _module_preset=&#8221;default&#8221; global_colors_info=&#8221;{}&#8221;][dnxte_team_overlay_card teamoverlay_card_image=&#8221;https:\/\/www.ingenieur-beton.com\/wp-content\/uploads\/2022\/02\/Cedric.jpg&#8221; teamovelay_card_content=&#8221;<b>C\u00e9dric<\/b> Collaborateur, Dessinateur Projeteur, Charg\u00e9 d&#8217;Affaires&#8221; teamovlcard_hover_overlay=&#8221;rgba(255,255,255,0.8)&#8221; _builder_version=&#8221;4.13.1&#8243; _module_preset=&#8221;default&#8221; body_font_size=&#8221;18px&#8221; border_radii=&#8221;off||40px||&#8221; global_colors_info=&#8221;{}&#8221;][\/dnxte_team_overlay_card][\/et_pb_column][\/et_pb_row][\/et_pb_section][et_pb_section fb_built=&#8221;1&#8243; _builder_version=&#8221;4.13.1&#8243; _module_preset=&#8221;default&#8221; background_image=&#8221;https:\/\/www.ingenieur-beton.com\/wp-content\/uploads\/2021\/12\/photos_fichier_36.jpg&#8221; parallax=&#8221;on&#8221; custom_padding=&#8221;0px||0px||false|false&#8221; global_colors_info=&#8221;{}&#8221;][et_pb_row column_structure=&#8221;1_2,1_2&#8243; _builder_version=&#8221;4.13.1&#8243; _module_preset=&#8221;default&#8221; custom_padding=&#8221;0px||0px||false|false&#8221; global_colors_info=&#8221;{}&#8221;][et_pb_column type=&#8221;1_2&#8243; _builder_version=&#8221;4.13.1&#8243; _module_preset=&#8221;default&#8221; global_colors_info=&#8221;{}&#8221;][\/et_pb_column][et_pb_column type=&#8221;1_2&#8243; _builder_version=&#8221;4.13.1&#8243; _module_preset=&#8221;default&#8221; global_colors_info=&#8221;{}&#8221;][et_pb_code _builder_version=&#8221;4.13.1&#8243; _module_preset=&#8221;default&#8221; transform_scale_tablet=&#8221;&#8221; transform_scale_phone=&#8221;&#8221; transform_scale_last_edited=&#8221;on|desktop&#8221; transform_translate=&#8221;0px|70px&#8221; transform_translate_tablet=&#8221;0px|0px&#8221; transform_translate_phone=&#8221;0px|0px&#8221; transform_translate_last_edited=&#8221;on|tablet&#8221; transform_translate_linked=&#8221;off&#8221; transform_rotate_tablet=&#8221;&#8221; transform_rotate_phone=&#8221;&#8221; transform_rotate_last_edited=&#8221;on|desktop&#8221; transform_skew_tablet=&#8221;&#8221; transform_skew_phone=&#8221;&#8221; transform_skew_last_edited=&#8221;on|desktop&#8221; transform_origin_tablet=&#8221;&#8221; transform_origin_phone=&#8221;&#8221; transform_origin_last_edited=&#8221;on|desktop&#8221; transform_styles_last_edited=&#8221;on|tablet&#8221; custom_padding=&#8221;|||60px|false|false&#8221; custom_padding_tablet=&#8221;|0px||0px|false|true&#8221; custom_padding_phone=&#8221;|0px||0px|false|true&#8221; custom_padding_last_edited=&#8221;on|desktop&#8221; transform_styles_tablet=&#8221;&#8221; transform_styles_phone=&#8221;&#8221; global_colors_info=&#8221;{}&#8221;]<iframe src=\"https:\/\/www.google.com\/maps\/embed?pb=!1m14!1m8!1m3!1d11556.403503798696!2d6.9869668!3d43.6044412!3m2!1i1024!2i768!4f13.1!3m3!1m2!1s0x0%3A0xa5290928e1e39a6d!2sB.E.T%20GIUDICE!5e0!3m2!1sfr!2sfr!4v1640680803960!5m2!1sfr!2sfr\" width=\"900\" height=\"400\" style=\"border:0;\" allowfullscreen=\"\" loading=\"lazy\"><\/iframe>[\/et_pb_code][\/et_pb_column][\/et_pb_row][\/et_pb_section][et_pb_section fb_built=&#8221;1&#8243; _builder_version=&#8221;4.13.1&#8243; _module_preset=&#8221;default&#8221; background_color=&#8221;#f4f4f4&#8243; custom_padding=&#8221;20px||20px||false|false&#8221; global_colors_info=&#8221;{}&#8221;][et_pb_row column_structure=&#8221;1_4,1_4,1_4,1_4&#8243; _builder_version=&#8221;4.13.1&#8243; _module_preset=&#8221;default&#8221; custom_margin=&#8221;58px|auto||auto||&#8221; global_colors_info=&#8221;{}&#8221;][et_pb_column type=&#8221;1_4&#8243; _builder_version=&#8221;4.13.1&#8243; _module_preset=&#8221;default&#8221; global_colors_info=&#8221;{}&#8221;][et_pb_text _builder_version=&#8221;4.13.1&#8243; _module_preset=&#8221;default&#8221; link_text_color=&#8221;#636363&#8243; global_colors_info=&#8221;{}&#8221;]<\/p>\n<p><span class=\"color1sp\">Telephone<\/span><br \/><a href=\"tel:0492281010\">04 92 28 10 10<\/a><\/p>\n<p>[\/et_pb_text][\/et_pb_column][et_pb_column type=&#8221;1_4&#8243; _builder_version=&#8221;4.13.1&#8243; _module_preset=&#8221;default&#8221; global_colors_info=&#8221;{}&#8221;][et_pb_text _builder_version=&#8221;4.13.1&#8243; _module_preset=&#8221;default&#8221; link_text_color=&#8221;#636363&#8243; global_colors_info=&#8221;{}&#8221;]<\/p>\n<p><span class=\"color1sp\">Email<\/span><br \/><a href=\"mailto:h.giudice@giudice.fr\">h.giudice@giudice.fr<\/a><\/p>\n<p>[\/et_pb_text][\/et_pb_column][et_pb_column type=&#8221;1_4&#8243; _builder_version=&#8221;4.13.1&#8243; _module_preset=&#8221;default&#8221; global_colors_info=&#8221;{}&#8221;][et_pb_text _builder_version=&#8221;4.13.1&#8243; _module_preset=&#8221;default&#8221; link_text_color=&#8221;#636363&#8243; global_colors_info=&#8221;{}&#8221;]<\/p>\n<p><span class=\"color1sp\">Address<\/span><br \/><span>799, Avenue de Tournamy 06250 MOUGINS<\/span><\/p>\n<p>[\/et_pb_text][\/et_pb_column][et_pb_column type=&#8221;1_4&#8243; _builder_version=&#8221;4.13.1&#8243; _module_preset=&#8221;default&#8221; global_colors_info=&#8221;{}&#8221;][et_pb_text _builder_version=&#8221;4.13.1&#8243; _module_preset=&#8221;default&#8221; link_text_color=&#8221;#636363&#8243; global_colors_info=&#8221;{}&#8221;]<\/p>\n<p><span class=\"color1sp\">Social Networks <\/span><br \/><span><a href=\"https:\/\/www.facebook.com\/betgiudice\">Facebook<\/a><br \/><a href=\"https:\/\/www.instagram.com\/betgiudice\/\">Instagram<\/a><\/span><\/p>\n<p>[\/et_pb_text][\/et_pb_column][\/et_pb_row][\/et_pb_section]<\/p>\n","protected":false},"excerpt":{"rendered":"<p>Our team<nav aria-label=\"breadcrumbs\">\n            <div class=\"breadcrumb-container theme1\">\n                <ol>\n                                    <\/ol>\n            <\/div>\n        <\/nav>    <script type=\"application\/ld+json\">\n        {\n            \"@context\": \"http:\/\/schema.org\",\n            \"@type\": \"BreadcrumbList\",\n            \"itemListElement\": [\n                            ]\n        }\n    <\/script>\n    <style type=\"text\/css\">\n        .breadcrumb-container {\n            font-size: 13px;\n        }\n\n        .breadcrumb-container ul {\n            margin: 0;\n            padding: 0;\n        }\n\n        .breadcrumb-container li {\n            box-sizing: unset;\n            display: inline-block;\n            margin: 0;\n            padding: 0;\n        }\n\n        .breadcrumb-container li a {\n            box-sizing: unset;\n            padding: 0 10px;\n        }\n\n        .breadcrumb-container {\n            font-size: 14px !important;\n                    }\n\n        .breadcrumb-container li a {\n            font-size: 14px !important;\n            line-height: 14px !important;\n                    }\n\n        .breadcrumb-container li .separator {\n            font-size: 14px !important;\n                    }\n\n        .breadcrumb-container li:last-child .separator {\n            display: none;\n        }\n    <\/style>\n    <style type=\"text\/css\">\n        .breadcrumb-container.theme1 li {\n            margin: 0;\n            padding: 0;\n        }\n        .breadcrumb-container.theme1 a {\n            background: ;\n            display: inline-block;\n            margin: 0 5px;\n            padding: 5px 10px;\n            text-decoration: none;\n        }\n    <\/style>\n        <style type=\"text\/css\">\n        .breadcrumb-container{}\r\n.breadcrumb-container ul{}\r\n.breadcrumb-container li{}\r\n.breadcrumb-container a{}\r\n.breadcrumb-container .separator{}\r\n    <\/style>\n    <script>\n            <\/script>\n Hugues GIUDICE gives you the benefit of its 25 years of experience and expertise in the building industry, combined with an efficient team, trained to an ever higher standard, and a quality service based on listening. Hugues GIUDICE has the firm intention to provide you with perfect services dedicated to both professionals and [&hellip;]<\/p>\n","protected":false},"author":2,"featured_media":0,"parent":263507,"menu_order":0,"comment_status":"closed","ping_status":"closed","template":"","meta":{"_et_pb_use_builder":"on","_et_pb_old_content":"","_et_gb_content_width":"","footnotes":""},"class_list":["post-263497","page","type-page","status-publish","hentry"],"yoast_head":"<!-- This site is optimized with the Yoast SEO plugin v20.13 - https:\/\/yoast.com\/wordpress\/plugins\/seo\/ -->\n<title>Our team from the structural design office - B.E.T Giudice<\/title>\n<meta name=\"description\" content=\"Do you want to renovate your building? B.E.T Giudice has a team of concrete engineers to carry out all your construction projects.\" \/>\n<meta name=\"robots\" content=\"index, follow, max-snippet:-1, max-image-preview:large, max-video-preview:-1\" \/>\n<link rel=\"canonical\" href=\"https:\/\/www.ingenieur-beton.com\/en\/who-we-are\/the-team\/\" \/>\n<meta property=\"og:locale\" content=\"en_US\" \/>\n<meta property=\"og:type\" content=\"article\" \/>\n<meta property=\"og:title\" content=\"Our team from the structural design office - B.E.T Giudice\" \/>\n<meta property=\"og:description\" content=\"Do you want to renovate your building? B.E.T Giudice has a team of concrete engineers to carry out all your construction projects.\" \/>\n<meta property=\"og:url\" content=\"https:\/\/www.ingenieur-beton.com\/en\/who-we-are\/the-team\/\" \/>\n<meta property=\"og:site_name\" content=\"Beton\" \/>\n<meta property=\"article:modified_time\" content=\"2022-04-11T08:21:02+00:00\" \/>\n<meta name=\"twitter:card\" content=\"summary_large_image\" \/>\n<meta name=\"twitter:label1\" content=\"Est. reading time\" \/>\n\t<meta name=\"twitter:data1\" content=\"7 minutes\" \/>\n<script type=\"application\/ld+json\" class=\"yoast-schema-graph\">{\"@context\":\"https:\/\/schema.org\",\"@graph\":[{\"@type\":\"WebPage\",\"@id\":\"https:\/\/www.ingenieur-beton.com\/en\/who-we-are\/the-team\/\",\"url\":\"https:\/\/www.ingenieur-beton.com\/en\/who-we-are\/the-team\/\",\"name\":\"Our team from the structural design office - B.E.T Giudice\",\"isPartOf\":{\"@id\":\"https:\/\/www.ingenieur-beton.com\/en\/#website\"},\"datePublished\":\"2022-02-02T10:59:57+00:00\",\"dateModified\":\"2022-04-11T08:21:02+00:00\",\"description\":\"Do you want to renovate your building? B.E.T Giudice has a team of concrete engineers to carry out all your construction projects.\",\"breadcrumb\":{\"@id\":\"https:\/\/www.ingenieur-beton.com\/en\/who-we-are\/the-team\/#breadcrumb\"},\"inLanguage\":\"en-US\",\"potentialAction\":[{\"@type\":\"ReadAction\",\"target\":[\"https:\/\/www.ingenieur-beton.com\/en\/who-we-are\/the-team\/\"]}]},{\"@type\":\"BreadcrumbList\",\"@id\":\"https:\/\/www.ingenieur-beton.com\/en\/who-we-are\/the-team\/#breadcrumb\",\"itemListElement\":[{\"@type\":\"ListItem\",\"position\":1,\"name\":\"Home\",\"item\":\"https:\/\/www.ingenieur-beton.com\/en\/\"},{\"@type\":\"ListItem\",\"position\":2,\"name\":\"The team\"}]},{\"@type\":\"WebSite\",\"@id\":\"https:\/\/www.ingenieur-beton.com\/en\/#website\",\"url\":\"https:\/\/www.ingenieur-beton.com\/en\/\",\"name\":\"Beton\",\"description\":\"site\",\"potentialAction\":[{\"@type\":\"SearchAction\",\"target\":{\"@type\":\"EntryPoint\",\"urlTemplate\":\"https:\/\/www.ingenieur-beton.com\/en\/?s={search_term_string}\"},\"query-input\":\"required name=search_term_string\"}],\"inLanguage\":\"en-US\"}]}<\/script>\n<!-- \/ Yoast SEO plugin. -->","yoast_head_json":{"title":"Our team from the structural design office - B.E.T Giudice","description":"Do you want to renovate your building? B.E.T Giudice has a team of concrete engineers to carry out all your construction projects.","robots":{"index":"index","follow":"follow","max-snippet":"max-snippet:-1","max-image-preview":"max-image-preview:large","max-video-preview":"max-video-preview:-1"},"canonical":"https:\/\/www.ingenieur-beton.com\/en\/who-we-are\/the-team\/","og_locale":"en_US","og_type":"article","og_title":"Our team from the structural design office - B.E.T Giudice","og_description":"Do you want to renovate your building? B.E.T Giudice has a team of concrete engineers to carry out all your construction projects.","og_url":"https:\/\/www.ingenieur-beton.com\/en\/who-we-are\/the-team\/","og_site_name":"Beton","article_modified_time":"2022-04-11T08:21:02+00:00","twitter_card":"summary_large_image","twitter_misc":{"Est. reading time":"7 minutes"},"schema":{"@context":"https:\/\/schema.org","@graph":[{"@type":"WebPage","@id":"https:\/\/www.ingenieur-beton.com\/en\/who-we-are\/the-team\/","url":"https:\/\/www.ingenieur-beton.com\/en\/who-we-are\/the-team\/","name":"Our team from the structural design office - B.E.T Giudice","isPartOf":{"@id":"https:\/\/www.ingenieur-beton.com\/en\/#website"},"datePublished":"2022-02-02T10:59:57+00:00","dateModified":"2022-04-11T08:21:02+00:00","description":"Do you want to renovate your building? B.E.T Giudice has a team of concrete engineers to carry out all your construction projects.","breadcrumb":{"@id":"https:\/\/www.ingenieur-beton.com\/en\/who-we-are\/the-team\/#breadcrumb"},"inLanguage":"en-US","potentialAction":[{"@type":"ReadAction","target":["https:\/\/www.ingenieur-beton.com\/en\/who-we-are\/the-team\/"]}]},{"@type":"BreadcrumbList","@id":"https:\/\/www.ingenieur-beton.com\/en\/who-we-are\/the-team\/#breadcrumb","itemListElement":[{"@type":"ListItem","position":1,"name":"Home","item":"https:\/\/www.ingenieur-beton.com\/en\/"},{"@type":"ListItem","position":2,"name":"The team"}]},{"@type":"WebSite","@id":"https:\/\/www.ingenieur-beton.com\/en\/#website","url":"https:\/\/www.ingenieur-beton.com\/en\/","name":"Beton","description":"site","potentialAction":[{"@type":"SearchAction","target":{"@type":"EntryPoint","urlTemplate":"https:\/\/www.ingenieur-beton.com\/en\/?s={search_term_string}"},"query-input":"required name=search_term_string"}],"inLanguage":"en-US"}]}},"_links":{"self":[{"href":"https:\/\/www.ingenieur-beton.com\/en\/wp-json\/wp\/v2\/pages\/263497","targetHints":{"allow":["GET"]}}],"collection":[{"href":"https:\/\/www.ingenieur-beton.com\/en\/wp-json\/wp\/v2\/pages"}],"about":[{"href":"https:\/\/www.ingenieur-beton.com\/en\/wp-json\/wp\/v2\/types\/page"}],"author":[{"embeddable":true,"href":"https:\/\/www.ingenieur-beton.com\/en\/wp-json\/wp\/v2\/users\/2"}],"replies":[{"embeddable":true,"href":"https:\/\/www.ingenieur-beton.com\/en\/wp-json\/wp\/v2\/comments?post=263497"}],"version-history":[{"count":5,"href":"https:\/\/www.ingenieur-beton.com\/en\/wp-json\/wp\/v2\/pages\/263497\/revisions"}],"predecessor-version":[{"id":263502,"href":"https:\/\/www.ingenieur-beton.com\/en\/wp-json\/wp\/v2\/pages\/263497\/revisions\/263502"}],"up":[{"embeddable":true,"href":"https:\/\/www.ingenieur-beton.com\/en\/wp-json\/wp\/v2\/pages\/263507"}],"wp:attachment":[{"href":"https:\/\/www.ingenieur-beton.com\/en\/wp-json\/wp\/v2\/media?parent=263497"}],"curies":[{"name":"wp","href":"https:\/\/api.w.org\/{rel}","templated":true}]}}